{"id":586,"date":"2021-04-23T11:10:29","date_gmt":"2021-04-23T11:10:29","guid":{"rendered":"https:\/\/wp.carmeneisele.de\/?page_id=586"},"modified":"2026-04-08T19:55:43","modified_gmt":"2026-04-08T19:55:43","slug":"ausstellungen","status":"publish","type":"page","link":"https:\/\/wp.carmeneisele.de\/en\/ausstellungen\/","title":{"rendered":"Expositions"},"content":{"rendered":"<div data-elementor-type=\"wp-page\" data-elementor-id=\"586\" class=\"elementor elementor-586\">\n\t\t\t\t\t\t<section class=\"elementor-section elementor-top-section elementor-element elementor-element-a2e7f2e elementor-section-full_width elementor-section-content-middle elementor-section-height-default elementor-section-height-default\" data-id=\"a2e7f2e\" data-element_type=\"section\" data-e-type=\"section\" id=\"mcltop\" data-settings=\"{&quot;background_background&quot;:&quot;classic&quot;,&quot;shape_divider_bottom&quot;:&quot;mountains&quot;}\">\n\t\t\t\t\t\t\t<div class=\"elementor-background-overlay\"><\/div>\n\t\t\t\t\t\t<div class=\"elementor-shape elementor-shape-bottom\" aria-hidden=\"true\" data-negative=\"false\">\n\t\t\t<svg xmlns=\"http:\/\/www.w3.org\/2000\/svg\" viewbox=\"0 0 1000 100\" preserveaspectratio=\"none\">\n\t<path class=\"elementor-shape-fill\" opacity=\"0.33\" d=\"M473,67.3c-203.9,88.3-263.1-34-320.3,0C66,119.1,0,59.7,0,59.7V0h1000v59.7 c0,0-62.1,26.1-94.9,29.3c-32.8,3.3-62.8-12.3-75.8-22.1C806,49.6,745.3,8.7,694.9,4.7S492.4,59,473,67.3z\"\/>\n\t<path class=\"elementor-shape-fill\" opacity=\"0.66\" d=\"M734,67.3c-45.5,0-77.2-23.2-129.1-39.1c-28.6-8.7-150.3-10.1-254,39.1 s-91.7-34.4-149.2,0C115.7,118.3,0,39.8,0,39.8V0h1000v36.5c0,0-28.2-18.5-92.1-18.5C810.2,18.1,775.7,67.3,734,67.3z\"\/>\n\t<path class=\"elementor-shape-fill\" d=\"M766.1,28.9c-200-57.5-266,65.5-395.1,19.5C242,1.8,242,5.4,184.8,20.6C128,35.8,132.3,44.9,89.9,52.5C28.6,63.7,0,0,0,0 h1000c0,0-9.9,40.9-83.6,48.1S829.6,47,766.1,28.9z\"\/>\n<\/svg>\t\t<\/div>\n\t\t\t\t\t<div class=\"elementor-container elementor-column-gap-default\">\n\t\t\t\t\t<div class=\"elementor-column elementor-col-100 elementor-top-column elementor-element elementor-element-01bdccc\" data-id=\"01bdccc\" data-element_type=\"column\" data-e-type=\"column\">\n\t\t\t<div class=\"elementor-widget-wrap elementor-element-populated\">\n\t\t\t\t\t\t<div class=\"elementor-element elementor-element-f27b3a2 animated-fast elementor-invisible elementor-widget elementor-widget-heading\" data-id=\"f27b3a2\" data-element_type=\"widget\" data-e-type=\"widget\" data-settings=\"{&quot;_animation&quot;:&quot;slideInDown&quot;}\" data-widget_type=\"heading.default\">\n\t\t\t\t<div class=\"elementor-widget-container\">\n\t\t\t\t\t<h1 class=\"elementor-heading-title elementor-size-default\">Expositions<\/h1>\t\t\t\t<\/div>\n\t\t\t\t<\/div>\n\t\t\t\t\t<\/div>\n\t\t<\/div>\n\t\t\t\t\t<\/div>\n\t\t<\/section>\n\t\t\t\t<section class=\"elementor-section elementor-top-section elementor-element elementor-element-58d56f6 elementor-section-boxed elementor-section-height-default elementor-section-height-default\" data-id=\"58d56f6\" data-element_type=\"section\" data-e-type=\"section\">\n\t\t\t\t\t\t<div class=\"elementor-container elementor-column-gap-default\">\n\t\t\t\t\t<div class=\"elementor-column elementor-col-100 elementor-top-column elementor-element elementor-element-42589f3\" data-id=\"42589f3\" data-element_type=\"column\" data-e-type=\"column\">\n\t\t\t<div class=\"elementor-widget-wrap elementor-element-populated\">\n\t\t\t\t\t\t<div class=\"elementor-element elementor-element-53f7ec3 elementor-widget elementor-widget-text-editor\" data-id=\"53f7ec3\" data-element_type=\"widget\" data-e-type=\"widget\" data-widget_type=\"text-editor.default\">\n\t\t\t\t<div class=\"elementor-widget-container\">\n\t\t\t\t\t\t\t\t\t<p style=\"text-align: center;\"><strong>Kunst k\u00fcsst Werkstatt &#8211; <\/strong>Kunst, Holz- und mehr&#8230;<br \/>am Sonntag den <strong>10. Mai 2026\u00a0<\/strong>von <strong>11:00- 17:00 Uhr<\/strong><\/p><p style=\"text-align: center;\">Ausstellung verschiedener Kunstschaffender.<\/p><p style=\"text-align: center;\">Kommen Sie vorbei und tauchen Sie ein in die wunderbare Welt der Kreativit\u00e4t.<br \/>In den Hallen und auf dem Gel\u00e4nde der Firma Rei\u00df<br \/>Hagenweg 2 88356 Ostrach-Ochsenbach<br \/>Er\u00f6ffnet wird das Event um 11 Uhr durch<br \/>Ostrach\u00b4s B\u00fcrgermeisterin Lena Burth<br \/>F\u00fcr Ihr leibliches Wohl ist gesorgt,<br \/>mit Essen und Trinken, Kaffe und Kuchen.<br \/>Wir freuen uns auf Ihr Kommen!<\/p><p style=\"text-align: center;\">Die Ausstellung kann noch 4 Wochen danach besichtigt werden.<\/p>\t\t\t\t\t\t\t\t<\/div>\n\t\t\t\t<\/div>\n\t\t\t\t<div class=\"elementor-element elementor-element-0ff3ff7 moreLH elementor-widget elementor-widget-text-editor\" data-id=\"0ff3ff7\" data-element_type=\"widget\" data-e-type=\"widget\" data-widget_type=\"text-editor.default\">\n\t\t\t\t<div class=\"elementor-widget-container\">\n\t\t\t\t\t\t\t\t\t<h2>Current exhibitions<\/h2><p>Aktuell gibt es im <strong>Caf\u00e9 Brecht <\/strong>und in der <strong>Physiopraxis Kronhagel<\/strong> in<strong> Me\u00dfkirch<\/strong> einige Exemplare zu besichtigen.<\/p><p>Ab dem 31.03.2026: Gro\u00dfe Ausstellung Reha Klinik Waldburg-Zeil in Bad Saulgau<\/p><hr \/><h2>Past exhibitions<\/h2><div><strong>2025\/26 Dez. bis Jan.<\/strong> St\u00e4dtische Galerie &#8222;Alter L\u00f6wen&#8220; Pfullendorf &#8211; Engelausstellung<\/div><div><span style=\"font-family: Quicksand, 'Inter var', -apple-system, BlinkMacSystemFont, 'Helvetica Neue', Helvetica, sans-serif; letter-spacing: -0.27px; text-decoration-thickness: initial;\">\u00a0<\/span><\/div><p><strong>2024 April bis August<\/strong> Ausstellung in Aulendorf, Schussental &#8211; Klinik.<\/p><p><strong>2023 Dez. bis 7. Apr. <\/strong>Museum Oberes Donautal, Iffinger Schloss, Friedingen<\/p><p><strong>2021 Feb. bis 31. Dez. <\/strong>REha-Klinik Waldburg Zeil, Bad Saulgau. 60 Werke.<\/p><p><strong>2019 27. M\u00e4rz bis 2. Juli<\/strong> Fr\u00fchlingserwachen&#8220;, Restaurant Froben, Messkirch<\/p><p><strong>2018<\/strong> Schussental Klinik Aulendorf &#8222;Regenbogenwelt&#8220;<\/p><p><strong>2016 Okt. bis 2017 Sept.<\/strong> REha-Klinik Waldburg Zeil, Bad Saulgau. 60 Werke. Gro\u00dfe Auswahl verschiedener Stilrichtungen<\/p><p><strong>2016 Sept. bis Anfg. Jan. 2017<\/strong> &#8222;WeibsBilder&#8220;, Restaurant Neuseeland, Zielfinger See, Rulfingen<\/p><p><strong>2016 Juli und August<\/strong> Rathaus M\u00fchlhofen-Uhldingen &#8222;3 Etagen&#8220;<\/p><p><strong>2016 17. Mai &#8211; 14. Juli 2016<\/strong> Federseeklinik Bad Buchau &#8222;Diverses&#8220;<\/p><p><strong>2016 Mai &#8211; August<\/strong> &#8222;AsiaArt&#8220;, Restaurant Neuseeland, Zielfinger See, Rulfingen<\/p><p><strong>2016 M\u00e4rz &#8211; Anfg Mai<\/strong> Ristorante Al Gambero &#8222;AsiaArt Ausstellung&#8220;, Krauchenwies<\/p><p><strong>2016 Jan. &#8211; April<\/strong> F\u00fcnf Exemplare im Allianz Hund &amp; Diehm GbR, Weingarten<\/p><p><strong>2015\/16<\/strong> Einige Werke in Friedrichshafen Galerie Hofener<\/p><p><strong>2015 Do. 25. Juni &#8211; Okt. , 19.oo Uhr<\/strong> Verinssage B\u00fccherei Steinscheuer, Pfullendorf<\/p><p><strong>2015 8. Dez 14 &#8211; 13. Juni 15<\/strong> &#8222;Diverses&#8220; Reha-Klinik Waldburg Zeil, Bad Saulgau<\/p><p><strong>2015 4. April &#8211; 2. Mai<\/strong> &#8222;Zeitloses&#8220; Cafe Zeitlos, St. Stephansplatz 25, Konstanz<\/p><p><strong>2015 M\u00e4rz- Okt <\/strong>&#8222;Fr\u00fchlingsgef\u00fchle&#8220; Restaurant Neuseeland, Zielfinger See<\/p><p><strong>2015 1. Nov. 2014 bis Juli 2015 <\/strong>Restaurant Kopp, Engelswies, &#8222;\u00c4ltere Werke&#8220;<\/p><p><strong>2015 Nov. 2014 &#8211; M\u00e4rz 2015<\/strong> &#8222;Farbakzente&#8220; Restaurant Neuseeland, Zielfinger See<\/p><p><strong>2014 Jan &#8211; 20. Dez<\/strong> Gyn.Abtlg. Zollernalb-Klinkum. Friedrichstr. 39, Albstadt-Ebingen<\/p><p><strong>2014 3. Nov &#8211; 28. Nov.<\/strong> Sparkassen Konstanz<\/p><p><strong>2014 22. Sept. &#8211; 23. Okt.<\/strong> &#8222;Farbentr\u00e4ume &#8211; 3 Stilrichtungen&#8220; Sparkasse Tettnang<\/p><p><strong>2014 Juni &#8211; 30.Okt.<\/strong> Cafe\u00b4 Domus im R\u00f6mermuseum, Mengen-Ennetach<\/p><p><strong>2014 Mai &#8211; Okt<\/strong> &#8222;Abstraktes&#8220; Cafeteria Karstadt Konstanz<\/p><p><strong>2014 Sept. 2013 &#8211; August<\/strong> &#8222;Bewegung&#8220; Restaurant Neuseeland, Zielfinger See<\/p><p><strong>2014 10. Mai &#8211; 7. Juni<\/strong> &#8222;Farbentanz&#8220; Cafe Zeitlos, St. Stephansplatz 25, Konstanz<\/p><p><strong>2013 Nov- April 2014<\/strong> Cafeteria Karstadt Konstanz Ausstellung &#8222;Engel und andere Energien&#8220;<\/p><p><strong>2013 Okt.- April 2014<\/strong> PhysioTherapie- Embrach, (n\u00e4he Winterthur &#8211; Schweiz)<\/p><p><strong>2013 Jan &#8211; Nov.<\/strong> Cafeteria Karstadt Konstanz Ausstellung &#8222;Color my Animals&#8220;<\/p><p><strong>2013 7. Juli<\/strong> Hechinger StreetART, Kunstausstellung in der Innenstadt<\/p><p><strong>2012 Dez. &#8211; Apr. 2013<\/strong> Vernissage + Ausstellung &#8222;Kraftquellen&#8220;, Klinik Waldburg-Zeil, Aulendorf<\/p><p><strong>2012 Nov. <\/strong>Hobbyk\u00fcnstlerausstellung Sigmaringendorf<\/p><p><strong>2012 Nov. <\/strong>Hobbyk\u00fcnstlerausstellung Mengen-Ennetach<\/p><p><strong>2012 M\u00e4rz-Juni<\/strong> Kaffeebar Charm im Hotel Drive Inn Stuttgart-Vaihingen<\/p><p><strong>2011 Dez. &#8211; 2012 Jan.<\/strong> Fu\u00dffitstudio Hotz Albstadt<\/p><p><strong>2011 Jan. &#8211; April<\/strong> \u00dcberlingen-Deisendorf<\/p><p><strong>2010 Nov. &#8211; Dez<\/strong> Restaurant Sonne Vilsingen<\/p><p><strong>2010 Nov.<\/strong> Cafe Kurz Deggerhausertal<\/p><p><strong>2010 Aug. &#8211; Sept. <\/strong> Literaturcafe Colibri , Bad Saulgau<\/p><p><strong>2010 Mai -August<\/strong> Austellung &#8222;AngelArt&#8220; im Golfrestaurant Sigmaringen-Laiz<\/p><p><strong>2009 <\/strong>Winter, Ausstellung &#8222;Lebenssfreude&#8220; Sozialstation V.v.Paul Sigmaringen<\/p><p><strong>2009 <\/strong>Herbst, Hobbyk\u00fcnstlerausstellung Krauchenwies<\/p><p><strong>2008 <\/strong>Herbst, Ausstellung Ostrach<\/p><p><strong>2008 <\/strong>Sommer, Ausstellung Sigmaringendorf<\/p><p><strong>2007<\/strong> K\u00fcnstlerausstellung Krauchenwies<\/p>\t\t\t\t\t\t\t\t<\/div>\n\t\t\t\t<\/div>\n\t\t\t\t\t<\/div>\n\t\t<\/div>\n\t\t\t\t\t<\/div>\n\t\t<\/section>\n\t\t\t\t<section class=\"elementor-section elementor-top-section elementor-element elementor-element-df8b3dd elementor-section-content-middle elementor-section-boxed elementor-section-height-default elementor-section-height-default\" data-id=\"df8b3dd\" data-element_type=\"section\" data-e-type=\"section\" id=\"btmmc\" data-settings=\"{&quot;background_background&quot;:&quot;classic&quot;}\">\n\t\t\t\t\t\t<div class=\"elementor-container elementor-column-gap-no\">\n\t\t\t\t\t<div class=\"elementor-column elementor-col-100 elementor-top-column elementor-element elementor-element-80caab7\" data-id=\"80caab7\" data-element_type=\"column\" data-e-type=\"column\">\n\t\t\t<div class=\"elementor-widget-wrap elementor-element-populated\">\n\t\t\t\t\t\t<div class=\"elementor-element elementor-element-c5d2c34 elementor-widget elementor-widget-wp-widget-nav_menu\" data-id=\"c5d2c34\" data-element_type=\"widget\" data-e-type=\"widget\" id=\"FooterNavX\" data-widget_type=\"wp-widget-nav_menu.default\">\n\t\t\t\t<div class=\"elementor-widget-container\">\n\t\t\t\t\t<nav class=\"menu-footernav-container\" aria-label=\"Menu\"><ul id=\"menu-footernav\" class=\"menu\"><li id=\"menu-item-1259\" class=\"menu-item menu-item-type-post_type menu-item-object-page menu-item-privacy-policy menu-item-1259\"><a rel=\"privacy-policy\" href=\"https:\/\/wp.carmeneisele.de\/en\/datenschutz\/\">Privacy<\/a><\/li>\n<li id=\"menu-item-1258\" class=\"menu-item menu-item-type-post_type menu-item-object-page menu-item-1258\"><a href=\"https:\/\/wp.carmeneisele.de\/en\/impressum\/\">Imprint<\/a><\/li>\n<li id=\"menu-item-1260\" class=\"menu-item menu-item-type-post_type menu-item-object-page menu-item-1260\"><a href=\"https:\/\/wp.carmeneisele.de\/en\/kontakt\/\">Contact<\/a><\/li>\n<li id=\"menu-item-1261\" class=\"menu-item menu-item-type-custom menu-item-object-custom menu-item-1261\"><a href=\"http:\/\/carmeneisele.ohmyprints.com\">Shop<\/a><\/li>\n<\/ul><\/nav>\t\t\t\t<\/div>\n\t\t\t\t<\/div>\n\t\t\t\t\t<\/div>\n\t\t<\/div>\n\t\t\t\t\t<\/div>\n\t\t<\/section>\n\t\t\t\t<\/div>","protected":false},"excerpt":{"rendered":"<p>Ausstellungen Kunst k\u00fcsst Werkstatt &#8211; Kunst, Holz- und mehr&#8230;am Sonntag den 10. Mai 2026\u00a0von 11:00- 17:00 Uhr Ausstellung verschiedener Kunstschaffender. Kommen Sie vorbei und tauchen Sie ein in die wunderbare Welt der Kreativit\u00e4t.In den Hallen und auf dem Gel\u00e4nde der Firma Rei\u00dfHagenweg 2 88356 Ostrach-OchsenbachEr\u00f6ffnet wird das Event um 11 Uhr durchOstrach\u00b4s B\u00fcrgermeisterin Lena BurthF\u00fcr [&hellip;]<\/p>\n","protected":false},"author":1,"featured_media":0,"parent":0,"menu_order":0,"comment_status":"closed","ping_status":"closed","template":"elementor_header_footer","meta":{"footnotes":""},"class_list":["post-586","page","type-page","status-publish","hentry"],"yoast_head":"<!-- This site is optimized with the Yoast SEO plugin v27.4 - https:\/\/yoast.com\/product\/yoast-seo-wordpress\/ -->\n<title>Ausstellungen &#8212; Carmen Eisele<\/title>\n<meta name=\"robots\" content=\"index, follow, max-snippet:-1, max-image-preview:large, max-video-preview:-1\" \/>\n<link rel=\"canonical\" href=\"https:\/\/wp.carmeneisele.de\/en\/ausstellungen\/\" \/>\n<meta property=\"og:locale\" content=\"en_US\" \/>\n<meta property=\"og:type\" content=\"article\" \/>\n<meta property=\"og:title\" content=\"Ausstellungen &#8212; Carmen Eisele\" \/>\n<meta property=\"og:description\" content=\"Ausstellungen Kunst k\u00fcsst Werkstatt &#8211; Kunst, Holz- und mehr&#8230;am Sonntag den 10. Mai 2026\u00a0von 11:00- 17:00 Uhr Ausstellung verschiedener Kunstschaffender. Kommen Sie vorbei und tauchen Sie ein in die wunderbare Welt der Kreativit\u00e4t.In den Hallen und auf dem Gel\u00e4nde der Firma Rei\u00dfHagenweg 2 88356 Ostrach-OchsenbachEr\u00f6ffnet wird das Event um 11 Uhr durchOstrach\u00b4s B\u00fcrgermeisterin Lena BurthF\u00fcr [&hellip;]\" \/>\n<meta property=\"og:url\" content=\"https:\/\/wp.carmeneisele.de\/en\/ausstellungen\/\" \/>\n<meta property=\"og:site_name\" content=\"Carmen Eisele\" \/>\n<meta property=\"article:modified_time\" content=\"2026-04-08T19:55:43+00:00\" \/>\n<meta property=\"og:image\" content=\"https:\/\/wp.carmeneisele.de\/wp-content\/uploads\/2021\/04\/98c0b937-7bca-44d5-ab9d-a22ef7f4bf9a-e1619293254273.jpg\" \/>\n\t<meta property=\"og:image:width\" content=\"640\" \/>\n\t<meta property=\"og:image:height\" content=\"640\" \/>\n\t<meta property=\"og:image:type\" content=\"image\/jpeg\" \/>\n<meta name=\"twitter:card\" content=\"summary_large_image\" \/>\n<meta name=\"twitter:label1\" content=\"Est. reading time\" \/>\n\t<meta name=\"twitter:data1\" content=\"3 minutes\" \/>\n<script type=\"application\/ld+json\" class=\"yoast-schema-graph\">{\"@context\":\"https:\\\/\\\/schema.org\",\"@graph\":[{\"@type\":\"WebPage\",\"@id\":\"https:\\\/\\\/wp.carmeneisele.de\\\/ausstellungen\\\/\",\"url\":\"https:\\\/\\\/wp.carmeneisele.de\\\/ausstellungen\\\/\",\"name\":\"Ausstellungen &#8212; Carmen Eisele\",\"isPartOf\":{\"@id\":\"https:\\\/\\\/wp.carmeneisele.de\\\/#website\"},\"datePublished\":\"2021-04-23T11:10:29+00:00\",\"dateModified\":\"2026-04-08T19:55:43+00:00\",\"breadcrumb\":{\"@id\":\"https:\\\/\\\/wp.carmeneisele.de\\\/ausstellungen\\\/#breadcrumb\"},\"inLanguage\":\"en-US\",\"potentialAction\":[{\"@type\":\"ReadAction\",\"target\":[\"https:\\\/\\\/wp.carmeneisele.de\\\/ausstellungen\\\/\"]}]},{\"@type\":\"BreadcrumbList\",\"@id\":\"https:\\\/\\\/wp.carmeneisele.de\\\/ausstellungen\\\/#breadcrumb\",\"itemListElement\":[{\"@type\":\"ListItem\",\"position\":1,\"name\":\"Startseite\",\"item\":\"https:\\\/\\\/wp.carmeneisele.de\\\/\"},{\"@type\":\"ListItem\",\"position\":2,\"name\":\"Ausstellungen\"}]},{\"@type\":\"WebSite\",\"@id\":\"https:\\\/\\\/wp.carmeneisele.de\\\/#website\",\"url\":\"https:\\\/\\\/wp.carmeneisele.de\\\/\",\"name\":\"Carmen Eisele\",\"description\":\"\",\"potentialAction\":[{\"@type\":\"SearchAction\",\"target\":{\"@type\":\"EntryPoint\",\"urlTemplate\":\"https:\\\/\\\/wp.carmeneisele.de\\\/?s={search_term_string}\"},\"query-input\":{\"@type\":\"PropertyValueSpecification\",\"valueRequired\":true,\"valueName\":\"search_term_string\"}}],\"inLanguage\":\"en-US\"}]}<\/script>\n<!-- \/ Yoast SEO plugin. -->","yoast_head_json":{"title":"Ausstellungen &#8212; Carmen Eisele","robots":{"index":"index","follow":"follow","max-snippet":"max-snippet:-1","max-image-preview":"max-image-preview:large","max-video-preview":"max-video-preview:-1"},"canonical":"https:\/\/wp.carmeneisele.de\/en\/ausstellungen\/","og_locale":"en_US","og_type":"article","og_title":"Ausstellungen &#8212; Carmen Eisele","og_description":"Ausstellungen Kunst k\u00fcsst Werkstatt &#8211; Kunst, Holz- und mehr&#8230;am Sonntag den 10. Mai 2026\u00a0von 11:00- 17:00 Uhr Ausstellung verschiedener Kunstschaffender. Kommen Sie vorbei und tauchen Sie ein in die wunderbare Welt der Kreativit\u00e4t.In den Hallen und auf dem Gel\u00e4nde der Firma Rei\u00dfHagenweg 2 88356 Ostrach-OchsenbachEr\u00f6ffnet wird das Event um 11 Uhr durchOstrach\u00b4s B\u00fcrgermeisterin Lena BurthF\u00fcr [&hellip;]","og_url":"https:\/\/wp.carmeneisele.de\/en\/ausstellungen\/","og_site_name":"Carmen Eisele","article_modified_time":"2026-04-08T19:55:43+00:00","og_image":[{"width":640,"height":640,"url":"https:\/\/wp.carmeneisele.de\/wp-content\/uploads\/2021\/04\/98c0b937-7bca-44d5-ab9d-a22ef7f4bf9a-e1619293254273.jpg","type":"image\/jpeg"}],"twitter_card":"summary_large_image","twitter_misc":{"Est. reading time":"3 minutes"},"schema":{"@context":"https:\/\/schema.org","@graph":[{"@type":"WebPage","@id":"https:\/\/wp.carmeneisele.de\/ausstellungen\/","url":"https:\/\/wp.carmeneisele.de\/ausstellungen\/","name":"Ausstellungen &#8212; Carmen Eisele","isPartOf":{"@id":"https:\/\/wp.carmeneisele.de\/#website"},"datePublished":"2021-04-23T11:10:29+00:00","dateModified":"2026-04-08T19:55:43+00:00","breadcrumb":{"@id":"https:\/\/wp.carmeneisele.de\/ausstellungen\/#breadcrumb"},"inLanguage":"en-US","potentialAction":[{"@type":"ReadAction","target":["https:\/\/wp.carmeneisele.de\/ausstellungen\/"]}]},{"@type":"BreadcrumbList","@id":"https:\/\/wp.carmeneisele.de\/ausstellungen\/#breadcrumb","itemListElement":[{"@type":"ListItem","position":1,"name":"Startseite","item":"https:\/\/wp.carmeneisele.de\/"},{"@type":"ListItem","position":2,"name":"Ausstellungen"}]},{"@type":"WebSite","@id":"https:\/\/wp.carmeneisele.de\/#website","url":"https:\/\/wp.carmeneisele.de\/","name":"Carmen Eisele","description":"","potentialAction":[{"@type":"SearchAction","target":{"@type":"EntryPoint","urlTemplate":"https:\/\/wp.carmeneisele.de\/?s={search_term_string}"},"query-input":{"@type":"PropertyValueSpecification","valueRequired":true,"valueName":"search_term_string"}}],"inLanguage":"en-US"}]}},"_links":{"self":[{"href":"https:\/\/wp.carmeneisele.de\/en\/wp-json\/wp\/v2\/pages\/586","targetHints":{"allow":["GET"]}}],"collection":[{"href":"https:\/\/wp.carmeneisele.de\/en\/wp-json\/wp\/v2\/pages"}],"about":[{"href":"https:\/\/wp.carmeneisele.de\/en\/wp-json\/wp\/v2\/types\/page"}],"author":[{"embeddable":true,"href":"https:\/\/wp.carmeneisele.de\/en\/wp-json\/wp\/v2\/users\/1"}],"replies":[{"embeddable":true,"href":"https:\/\/wp.carmeneisele.de\/en\/wp-json\/wp\/v2\/comments?post=586"}],"version-history":[{"count":30,"href":"https:\/\/wp.carmeneisele.de\/en\/wp-json\/wp\/v2\/pages\/586\/revisions"}],"predecessor-version":[{"id":3814,"href":"https:\/\/wp.carmeneisele.de\/en\/wp-json\/wp\/v2\/pages\/586\/revisions\/3814"}],"wp:attachment":[{"href":"https:\/\/wp.carmeneisele.de\/en\/wp-json\/wp\/v2\/media?parent=586"}],"curies":[{"name":"wp","href":"https:\/\/api.w.org\/{rel}","templated":true}]}}